{"id":8693,"date":"2023-01-08T19:25:43","date_gmt":"2023-01-08T19:25:43","guid":{"rendered":"https:\/\/academy.ninjasquad.co\/egitmenler\/"},"modified":"2023-01-12T10:31:14","modified_gmt":"2023-01-12T10:31:14","slug":"egitmenler","status":"publish","type":"page","link":"https:\/\/academy.ninjasquad.co\/tr\/egitmenler\/","title":{"rendered":"E\u011fitmenler"},"content":{"rendered":"\t\t<div data-elementor-type=\"wp-page\" data-elementor-id=\"8693\" class=\"elementor elementor-8693 elementor-8614\">\n\t\t\t\t\t\t<section class=\"elementor-section elementor-top-section elementor-element elementor-element-bb22a06 elementor-section-boxed elementor-section-height-default elementor-section-height-default\" data-id=\"bb22a06\" data-element_type=\"section\" data-settings=\"{&quot;background_background&quot;:&quot;classic&quot;}\">\n\t\t\t\t\t\t<div class=\"elementor-container elementor-column-gap-default\">\n\t\t\t\t\t<div class=\"elementor-column elementor-col-100 elementor-top-column elementor-element elementor-element-c4ec3c6\" data-id=\"c4ec3c6\" data-element_type=\"column\">\n\t\t\t<div class=\"elementor-widget-wrap elementor-element-populated\">\n\t\t\t\t\t\t<div class=\"elementor-element elementor-element-908859b elementor-widget elementor-widget-heading\" data-id=\"908859b\" data-element_type=\"widget\" data-widget_type=\"heading.default\">\n\t\t\t\t<div class=\"elementor-widget-container\">\n\t\t\t\t\t<h2 class=\"elementor-heading-title elementor-size-default\">E\u011fitmenlerimiz<\/h2>\t\t\t\t<\/div>\n\t\t\t\t<\/div>\n\t\t\t\t<div class=\"elementor-element elementor-element-cd79a6a elementor-widget elementor-widget-text-editor\" data-id=\"cd79a6a\" data-element_type=\"widget\" data-widget_type=\"text-editor.default\">\n\t\t\t\t<div class=\"elementor-widget-container\">\n\t\t\t\t\t\t\t\t\t<p>Yetenekli e\u011fitmenlerden olu\u015fan ekibimizle tan\u0131\u015f\u0131n! Ekibimiz kendi alanlar\u0131nda deneyimli ve yetenekli traderlar, analistler, ve profesyonellerden olu\u015fur.<\/p><p>Onlar\u0131n rehberlik ve deste\u011finin, \u00f6\u011frencilerimizin hedeflerine ula\u015fmalar\u0131na ve tam potansiyellerine ula\u015fmalar\u0131na yard\u0131mc\u0131 olaca\u011f\u0131na eminiz.<\/p><p>\u00a0<\/p><p>E\u011fitmenlerimizin ge\u00e7mi\u015fleri ve ba\u015far\u0131lar\u0131 hakk\u0131nda daha fazla bilgi edinmek i\u00e7in a\u015fa\u011f\u0131daki k\u0131sm\u0131 okuyabilirsiniz.<\/p>\t\t\t\t\t\t\t\t<\/div>\n\t\t\t\t<\/div>\n\t\t\t\t\t<\/div>\n\t\t<\/div>\n\t\t\t\t\t<\/div>\n\t\t<\/section>\n\t\t\t\t<section class=\"elementor-section elementor-top-section elementor-element elementor-element-3851823 elementor-section-boxed elementor-section-height-default elementor-section-height-default\" data-id=\"3851823\" data-element_type=\"section\">\n\t\t\t\t\t\t<div class=\"elementor-container elementor-column-gap-default\">\n\t\t\t\t\t<div class=\"elementor-column elementor-col-100 elementor-top-column elementor-element elementor-element-73968d2\" data-id=\"73968d2\" data-element_type=\"column\">\n\t\t\t<div class=\"elementor-widget-wrap elementor-element-populated\">\n\t\t\t\t\t\t<section class=\"elementor-section elementor-inner-section elementor-element elementor-element-881bcd0 elementor-section-full_width elementor-section-height-default elementor-section-height-default\" data-id=\"881bcd0\" data-element_type=\"section\">\n\t\t\t\t\t\t<div class=\"elementor-container elementor-column-gap-default\">\n\t\t\t\t\t<div class=\"elementor-column elementor-col-50 elementor-inner-column elementor-element elementor-element-884ff1f\" data-id=\"884ff1f\" data-element_type=\"column\">\n\t\t\t<div class=\"elementor-widget-wrap elementor-element-populated\">\n\t\t\t\t\t\t<div class=\"elementor-element elementor-element-bf8d362 elementor-position-top elementor-widget elementor-widget-image-box\" data-id=\"bf8d362\" data-element_type=\"widget\" data-widget_type=\"image-box.default\">\n\t\t\t\t<div class=\"elementor-widget-container\">\n\t\t\t\t\t<div class=\"elementor-image-box-wrapper\"><figure class=\"elementor-image-box-img\"><img decoding=\"async\" width=\"150\" height=\"150\" src=\"https:\/\/academy.ninjasquad.co\/wp-content\/uploads\/2023\/01\/kemal-150x150.png\" class=\"attachment-thumbnail size-thumbnail wp-image-8920\" alt=\"\" srcset=\"https:\/\/academy.ninjasquad.co\/wp-content\/uploads\/2023\/01\/kemal-150x150.png 150w, https:\/\/academy.ninjasquad.co\/wp-content\/uploads\/2023\/01\/kemal-300x300.png 300w, https:\/\/academy.ninjasquad.co\/wp-content\/uploads\/2023\/01\/kemal-600x600.png 600w, https:\/\/academy.ninjasquad.co\/wp-content\/uploads\/2023\/01\/kemal-100x100.png 100w, https:\/\/academy.ninjasquad.co\/wp-content\/uploads\/2023\/01\/kemal-50x50.png 50w, https:\/\/academy.ninjasquad.co\/wp-content\/uploads\/2023\/01\/kemal.png 625w\" sizes=\"(max-width: 150px) 100vw, 150px\" \/><\/figure><div class=\"elementor-image-box-content\"><h3 class=\"elementor-image-box-title\">Kemal An\u0131l Hi\u00e7y\u0131lmaz (Crypto Kemal)<\/h3><p class=\"elementor-image-box-description\">Alt\u0131 y\u0131l\u0131 a\u015fk\u0131n tecr\u00fcbesiyle Kemal, kripto ticaretinde tecr\u00fcbeli bir uzmand\u0131r. Hem Ninja Traders'\u0131n hem de Ninja Squad'\u0131n kurucusudur ve 2017'den beri kripto toplulu\u011funda i\u00e7erik yarat\u0131c\u0131s\u0131 olarak \u00f6ne \u00e7\u0131kan bir isimdir.<\/p><\/div><\/div>\t\t\t\t<\/div>\n\t\t\t\t<\/div>\n\t\t\t\t<div class=\"elementor-element elementor-element-f6ccd82 elementor-shape-square elementor-grid-0 e-grid-align-center elementor-widget elementor-widget-social-icons\" data-id=\"f6ccd82\" data-element_type=\"widget\" data-widget_type=\"social-icons.default\">\n\t\t\t\t<div class=\"elementor-widget-container\">\n\t\t\t\t\t\t\t<div class=\"elementor-social-icons-wrapper elementor-grid\" role=\"list\">\n\t\t\t\t\t\t\t<span class=\"elementor-grid-item\" role=\"listitem\">\n\t\t\t\t\t<a class=\"elementor-icon elementor-social-icon elementor-social-icon-twitter elementor-repeater-item-a307328\" href=\"https:\/\/twitter.com\/CryptoKemal\" target=\"_blank\">\n\t\t\t\t\t\t<span class=\"elementor-screen-only\">Twitter<\/span>\n\t\t\t\t\t\t<i aria-hidden=\"true\" class=\"fab fa-twitter\"><\/i>\t\t\t\t\t<\/a>\n\t\t\t\t<\/span>\n\t\t\t\t\t\t\t<span class=\"elementor-grid-item\" role=\"listitem\">\n\t\t\t\t\t<a class=\"elementor-icon elementor-social-icon elementor-social-icon-youtube elementor-repeater-item-7c1fbd9\" href=\"https:\/\/www.youtube.com\/@cryptokemal\" target=\"_blank\">\n\t\t\t\t\t\t<span class=\"elementor-screen-only\">Youtube<\/span>\n\t\t\t\t\t\t<i aria-hidden=\"true\" class=\"fab fa-youtube\"><\/i>\t\t\t\t\t<\/a>\n\t\t\t\t<\/span>\n\t\t\t\t\t\t\t<span class=\"elementor-grid-item\" role=\"listitem\">\n\t\t\t\t\t<a class=\"elementor-icon elementor-social-icon elementor-social-icon-instagram elementor-repeater-item-23cec12\" href=\"https:\/\/www.instagram.com\/cryptokemal\/\" target=\"_blank\">\n\t\t\t\t\t\t<span class=\"elementor-screen-only\">Instagram<\/span>\n\t\t\t\t\t\t<i aria-hidden=\"true\" class=\"fab fa-instagram\"><\/i>\t\t\t\t\t<\/a>\n\t\t\t\t<\/span>\n\t\t\t\t\t<\/div>\n\t\t\t\t\t\t<\/div>\n\t\t\t\t<\/div>\n\t\t\t\t\t<\/div>\n\t\t<\/div>\n\t\t\t\t<div class=\"elementor-column elementor-col-50 elementor-inner-column elementor-element elementor-element-c5cee78\" data-id=\"c5cee78\" data-element_type=\"column\">\n\t\t\t<div class=\"elementor-widget-wrap elementor-element-populated\">\n\t\t\t\t\t\t<div class=\"elementor-element elementor-element-b9a859e elementor-position-top elementor-widget elementor-widget-image-box\" data-id=\"b9a859e\" data-element_type=\"widget\" data-widget_type=\"image-box.default\">\n\t\t\t\t<div class=\"elementor-widget-container\">\n\t\t\t\t\t<div class=\"elementor-image-box-wrapper\"><figure class=\"elementor-image-box-img\"><img decoding=\"async\" width=\"150\" height=\"150\" src=\"https:\/\/academy.ninjasquad.co\/wp-content\/uploads\/2023\/01\/melih-150x150.png\" class=\"attachment-thumbnail size-thumbnail wp-image-8922\" alt=\"\" srcset=\"https:\/\/academy.ninjasquad.co\/wp-content\/uploads\/2023\/01\/melih-150x150.png 150w, https:\/\/academy.ninjasquad.co\/wp-content\/uploads\/2023\/01\/melih-300x300.png 300w, https:\/\/academy.ninjasquad.co\/wp-content\/uploads\/2023\/01\/melih-600x600.png 600w, https:\/\/academy.ninjasquad.co\/wp-content\/uploads\/2023\/01\/melih-100x100.png 100w, https:\/\/academy.ninjasquad.co\/wp-content\/uploads\/2023\/01\/melih-50x50.png 50w, https:\/\/academy.ninjasquad.co\/wp-content\/uploads\/2023\/01\/melih.png 625w\" sizes=\"(max-width: 150px) 100vw, 150px\" \/><\/figure><div class=\"elementor-image-box-content\"><h3 class=\"elementor-image-box-title\">Crypto Melih<\/h3><p class=\"elementor-image-box-description\">Melih, son d\u00f6rt y\u0131ld\u0131r kripto para piyasalar\u0131nda aktif olarak i\u015flem yapmakta. Ayr\u0131ca son \u00fc\u00e7 y\u0131ld\u0131r Ninja Traders'ta analist olarak \u00e7al\u0131\u015fmaktad\u0131r ve son bir y\u0131ld\u0131r Ninja Squad'da ayn\u0131 rol\u00fc \u00fcstlenmektedir.<\/p><\/div><\/div>\t\t\t\t<\/div>\n\t\t\t\t<\/div>\n\t\t\t\t<div class=\"elementor-element elementor-element-5647925 elementor-shape-square elementor-grid-0 e-grid-align-center elementor-widget elementor-widget-social-icons\" data-id=\"5647925\" data-element_type=\"widget\" data-widget_type=\"social-icons.default\">\n\t\t\t\t<div class=\"elementor-widget-container\">\n\t\t\t\t\t\t\t<div class=\"elementor-social-icons-wrapper elementor-grid\" role=\"list\">\n\t\t\t\t\t\t\t<span class=\"elementor-grid-item\" role=\"listitem\">\n\t\t\t\t\t<a class=\"elementor-icon elementor-social-icon elementor-social-icon-twitter elementor-repeater-item-a307328\" href=\"https:\/\/twitter.com\/CryptoMelih\" target=\"_blank\">\n\t\t\t\t\t\t<span class=\"elementor-screen-only\">Twitter<\/span>\n\t\t\t\t\t\t<i aria-hidden=\"true\" class=\"fab fa-twitter\"><\/i>\t\t\t\t\t<\/a>\n\t\t\t\t<\/span>\n\t\t\t\t\t\t\t<span class=\"elementor-grid-item\" role=\"listitem\">\n\t\t\t\t\t<a class=\"elementor-icon elementor-social-icon elementor-social-icon-youtube elementor-repeater-item-7c1fbd9\" href=\"https:\/\/www.youtube.com\/@NinjaTraders\" target=\"_blank\">\n\t\t\t\t\t\t<span class=\"elementor-screen-only\">Youtube<\/span>\n\t\t\t\t\t\t<i aria-hidden=\"true\" class=\"fab fa-youtube\"><\/i>\t\t\t\t\t<\/a>\n\t\t\t\t<\/span>\n\t\t\t\t\t<\/div>\n\t\t\t\t\t\t<\/div>\n\t\t\t\t<\/div>\n\t\t\t\t\t<\/div>\n\t\t<\/div>\n\t\t\t\t\t<\/div>\n\t\t<\/section>\n\t\t\t\t\t<\/div>\n\t\t<\/div>\n\t\t\t\t\t<\/div>\n\t\t<\/section>\n\t\t\t\t<section class=\"elementor-section elementor-top-section elementor-element elementor-element-e6151d9 elementor-section-boxed elementor-section-height-default elementor-section-height-default\" data-id=\"e6151d9\" data-element_type=\"section\">\n\t\t\t\t\t\t<div class=\"elementor-container elementor-column-gap-default\">\n\t\t\t\t\t<div class=\"elementor-column elementor-col-100 elementor-top-column elementor-element elementor-element-709e0f9\" data-id=\"709e0f9\" data-element_type=\"column\">\n\t\t\t<div class=\"elementor-widget-wrap elementor-element-populated\">\n\t\t\t\t\t\t<section class=\"elementor-section elementor-inner-section elementor-element elementor-element-1e8fe11 elementor-section-full_width elementor-section-height-default elementor-section-height-default\" data-id=\"1e8fe11\" data-element_type=\"section\">\n\t\t\t\t\t\t<div class=\"elementor-container elementor-column-gap-default\">\n\t\t\t\t\t<div class=\"elementor-column elementor-col-50 elementor-inner-column elementor-element elementor-element-7e95dd8\" data-id=\"7e95dd8\" data-element_type=\"column\">\n\t\t\t<div class=\"elementor-widget-wrap elementor-element-populated\">\n\t\t\t\t\t\t<div class=\"elementor-element elementor-element-e2a5f91 elementor-position-top elementor-widget elementor-widget-image-box\" data-id=\"e2a5f91\" data-element_type=\"widget\" data-widget_type=\"image-box.default\">\n\t\t\t\t<div class=\"elementor-widget-container\">\n\t\t\t\t\t<div class=\"elementor-image-box-wrapper\"><figure class=\"elementor-image-box-img\"><img decoding=\"async\" width=\"150\" height=\"150\" src=\"https:\/\/academy.ninjasquad.co\/wp-content\/uploads\/2023\/01\/baran-150x150.png\" class=\"attachment-thumbnail size-thumbnail wp-image-8918\" alt=\"\" srcset=\"https:\/\/academy.ninjasquad.co\/wp-content\/uploads\/2023\/01\/baran-150x150.png 150w, https:\/\/academy.ninjasquad.co\/wp-content\/uploads\/2023\/01\/baran-300x300.png 300w, https:\/\/academy.ninjasquad.co\/wp-content\/uploads\/2023\/01\/baran-600x600.png 600w, https:\/\/academy.ninjasquad.co\/wp-content\/uploads\/2023\/01\/baran-100x100.png 100w, https:\/\/academy.ninjasquad.co\/wp-content\/uploads\/2023\/01\/baran-50x50.png 50w, https:\/\/academy.ninjasquad.co\/wp-content\/uploads\/2023\/01\/baran.png 625w\" sizes=\"(max-width: 150px) 100vw, 150px\" \/><\/figure><div class=\"elementor-image-box-content\"><h3 class=\"elementor-image-box-title\">Baran Tekta\u015f (Meur)<\/h3><p class=\"elementor-image-box-description\">Baran, 1,5 y\u0131ld\u0131r Ninja Squad'da Product Manager olarak g\u00f6rev yapmaktad\u0131r. 2017'den beri  finansla ilgilenmekle beraber, kripto ticaretiyle de ilgiliydi.  2021'den bu yana NFT analistli\u011fi yapmakta ve NFT trade etmekte.<\/p><\/div><\/div>\t\t\t\t<\/div>\n\t\t\t\t<\/div>\n\t\t\t\t<div class=\"elementor-element elementor-element-e5328af elementor-shape-square elementor-grid-0 e-grid-align-center elementor-widget elementor-widget-social-icons\" data-id=\"e5328af\" data-element_type=\"widget\" data-widget_type=\"social-icons.default\">\n\t\t\t\t<div class=\"elementor-widget-container\">\n\t\t\t\t\t\t\t<div class=\"elementor-social-icons-wrapper elementor-grid\">\n\t\t\t\t\t\t\t<span class=\"elementor-grid-item\">\n\t\t\t\t\t<a class=\"elementor-icon elementor-social-icon elementor-social-icon-twitter elementor-repeater-item-a307328\" href=\"https:\/\/twitter.com\/meur_eth\" target=\"_blank\">\n\t\t\t\t\t\t<span class=\"elementor-screen-only\">Twitter<\/span>\n\t\t\t\t\t\t<i aria-hidden=\"true\" class=\"fab fa-twitter\"><\/i>\t\t\t\t\t<\/a>\n\t\t\t\t<\/span>\n\t\t\t\t\t<\/div>\n\t\t\t\t\t\t<\/div>\n\t\t\t\t<\/div>\n\t\t\t\t\t<\/div>\n\t\t<\/div>\n\t\t\t\t<div class=\"elementor-column elementor-col-50 elementor-inner-column elementor-element elementor-element-9c456c1\" data-id=\"9c456c1\" data-element_type=\"column\">\n\t\t\t<div class=\"elementor-widget-wrap\">\n\t\t\t\t\t\t\t<\/div>\n\t\t<\/div>\n\t\t\t\t\t<\/div>\n\t\t<\/section>\n\t\t\t\t\t<\/div>\n\t\t<\/div>\n\t\t\t\t\t<\/div>\n\t\t<\/section>\n\t\t\t\t<\/div>\n\t\t","protected":false},"excerpt":{"rendered":"<p>E\u011fitmenlerimiz Yetenekli e\u011fitmenlerden olu\u015fan ekibimizle tan\u0131\u015f\u0131n! Ekibimiz kendi alanlar\u0131nda deneyimli ve yetenekli traderlar, analistler, ve profesyonellerden olu\u015fur. Onlar\u0131n<\/p>\n","protected":false},"author":1,"featured_media":0,"parent":0,"menu_order":0,"comment_status":"closed","ping_status":"closed","template":"elementor_header_footer","meta":{"_mi_skip_tracking":false,"_tutorstarter_page_metadata":[],"footnotes":""},"class_list":["post-8693","page","type-page","status-publish","hentry"],"_links":{"self":[{"href":"https:\/\/academy.ninjasquad.co\/tr\/wp-json\/wp\/v2\/pages\/8693"}],"collection":[{"href":"https:\/\/academy.ninjasquad.co\/tr\/wp-json\/wp\/v2\/pages"}],"about":[{"href":"https:\/\/academy.ninjasquad.co\/tr\/wp-json\/wp\/v2\/types\/page"}],"author":[{"embeddable":true,"href":"https:\/\/academy.ninjasquad.co\/tr\/wp-json\/wp\/v2\/users\/1"}],"replies":[{"embeddable":true,"href":"https:\/\/academy.ninjasquad.co\/tr\/wp-json\/wp\/v2\/comments?post=8693"}],"version-history":[{"count":28,"href":"https:\/\/academy.ninjasquad.co\/tr\/wp-json\/wp\/v2\/pages\/8693\/revisions"}],"predecessor-version":[{"id":8928,"href":"https:\/\/academy.ninjasquad.co\/tr\/wp-json\/wp\/v2\/pages\/8693\/revisions\/8928"}],"wp:attachment":[{"href":"https:\/\/academy.ninjasquad.co\/tr\/wp-json\/wp\/v2\/media?parent=8693"}],"curies":[{"name":"wp","href":"https:\/\/api.w.org\/{rel}","templated":true}]}}