{"id":8690,"date":"2021-03-24T12:26:02","date_gmt":"2021-03-24T12:26:02","guid":{"rendered":"https:\/\/academy.ninjasquad.co\/kurs\/"},"modified":"2023-01-09T10:16:52","modified_gmt":"2023-01-09T10:16:52","slug":"kurslar","status":"publish","type":"page","link":"https:\/\/academy.ninjasquad.co\/tr\/kurslar\/","title":{"rendered":"Kurslar"},"content":{"rendered":"\t\t<div data-elementor-type=\"wp-page\" data-elementor-id=\"8690\" class=\"elementor elementor-8690 elementor-180\">\n\t\t\t\t\t\t<section class=\"elementor-section elementor-top-section elementor-element elementor-element-d7db489 elementor-section-boxed elementor-section-height-default elementor-section-height-default\" data-id=\"d7db489\" data-element_type=\"section\">\n\t\t\t\t\t\t<div class=\"elementor-container elementor-column-gap-default\">\n\t\t\t\t\t<div class=\"elementor-column elementor-col-100 elementor-top-column elementor-element elementor-element-9ac62dc\" data-id=\"9ac62dc\" data-element_type=\"column\">\n\t\t\t<div class=\"elementor-widget-wrap elementor-element-populated\">\n\t\t\t\t\t\t<div class=\"elementor-element elementor-element-75bb20d elementor-widget elementor-widget-heading\" data-id=\"75bb20d\" data-element_type=\"widget\" data-widget_type=\"heading.default\">\n\t\t\t\t<div class=\"elementor-widget-container\">\n\t\t\t\t\t<h2 class=\"elementor-heading-title elementor-size-default\">Kurslar<\/h2>\t\t\t\t<\/div>\n\t\t\t\t<\/div>\n\t\t\t\t\t<\/div>\n\t\t<\/div>\n\t\t\t\t\t<\/div>\n\t\t<\/section>\n\t\t\t\t<section class=\"elementor-section elementor-top-section elementor-element elementor-element-f122546 elementor-section-boxed elementor-section-height-default elementor-section-height-default\" data-id=\"f122546\" data-element_type=\"section\">\n\t\t\t\t\t\t<div class=\"elementor-container elementor-column-gap-default\">\n\t\t\t\t\t<div class=\"elementor-column elementor-col-100 elementor-top-column elementor-element elementor-element-7792b06\" data-id=\"7792b06\" data-element_type=\"column\">\n\t\t\t<div class=\"elementor-widget-wrap elementor-element-populated\">\n\t\t\t\t\t\t<div class=\"elementor-element elementor-element-7869cff elementor-widget elementor-widget-etlms-course-list tutor-addon etlms-course-list\" data-id=\"7869cff\" data-element_type=\"widget\" data-widget_type=\"etlms-course-list.default\">\n\t\t\t\t<div class=\"elementor-widget-container\">\n\t\t\t\t\t<div class=\"tutor-wrap tutor-courses-wrap tutor-container etlms-course-list-main-wrap\">\r\n\t\t\t\t\t<div class=\"etlms-course-list-loop-wrap tutor-course-list tutor-grid tutor-grid-2\">\r\n\t\t\t\t\t\t\t<div class=\"etlms-course-list-col\">\r\n\t\t\t\t\t<div class=\"tutor-card tutor-course-card tutor-loop-course-container etlms-course-card-classic  etlms-has-hover-animation\">\r\n            <div class=\"tutor-course-thumbnail\">\r\n        <a href=\"https:\/\/academy.ninjasquad.co\/tr\/courses\/ninja-traders-crypto-egitimi\/\" class=\"tutor-d-block\">\r\n            <div class=\"tutor-ratio tutor-ratio-16x9\">\r\n                <img decoding=\"async\" class=\"tutor-card-image-top\" src=\"https:\/\/academy.ninjasquad.co\/wp-content\/uploads\/2022\/11\/e1-768x472.jpg\" alt=\"Ninja Traders &#8217;23 | Borsa | Temel ve Teknik Analiz | Kripto | Web3\" loading=\"lazy\">\r\n            <\/div>\r\n        <\/a>\r\n    <\/div>\r\n\r\n    <div class=\"tutor-card-body\">\r\n        <div class=\"tutor-course-ratings tutor-mb-8\">\r\n    <div class=\"tutor-ratings\">\r\n        <div class=\"tutor-ratings-stars\">\r\n            <span class=\"tutor-icon-star-bold\" data-rating-value=\"1\"><\/span><span class=\"tutor-icon-star-bold\" data-rating-value=\"2\"><\/span><span class=\"tutor-icon-star-bold\" data-rating-value=\"3\"><\/span><span class=\"tutor-icon-star-bold\" data-rating-value=\"4\"><\/span><span class=\"tutor-icon-star-half-bold\" data-rating-value=\"5\"><\/span>        <\/div>\r\n\r\n                    <div class=\"tutor-ratings-average\">4.86<\/div>\r\n            <div class=\"tutor-ratings-count\">(7)<\/div>\r\n            <\/div>\r\n<\/div>\r\n<h3 class=\"tutor-course-name tutor-fs-5 tutor-fw-medium tutor-mb-12\" title=\"Ninja Traders &#8217;23 | Borsa | Temel ve Teknik Analiz | Kripto | Web3\">\r\n    <a href=\"https:\/\/academy.ninjasquad.co\/tr\/courses\/ninja-traders-crypto-egitimi\/\">Ninja Traders &#8217;23 | Borsa | Temel ve Teknik Analiz | Kripto | Web3<\/a>\r\n<\/h3>\r\n    <\/div>\r\n\r\n    <div class=\"tutor-card-footer\">\r\n    <div class=\"tutor-course-list-btn\"><a href=\"https:\/\/academy.ninjasquad.co\/tr\/courses\/ninja-traders-crypto-egitimi\/\" class=\"tutor-btn tutor-btn-outline-primary tutor-btn-md tutor-btn-block  tutor-open-login-modal \" data-course-id=\"8650\">Enroll Course<\/a><\/div><\/div>\r\n<\/div>\t\t\t\t<\/div>\r\n\t\t\t\t\t<\/div>\r\n\r\n\t\t\t\t\t\t\t<div class=\"etlms-course-list-pagination-wrap tutor-mt-32\">\r\n\t\t\t<div class=\"etlms-pagination prev-next\">\r\n\t\t\t\t\t\t\t<\/div>\r\n\r\n\t\t\t<div class=\"etlms-pagination pagination-numbers-prev-next\">\r\n\t\t\t\t\t\t\t<\/div>\r\n\t\t\t\t<\/div>\r\n\t\t\t\t<\/div>\r\n<div class=\"tutor-modal tutor-login-modal\">\n\t<div class=\"tutor-modal-overlay\"><\/div>\n\t<div class=\"tutor-modal-window tutor-modal-window-sm\">\n\t\t<div class=\"tutor-modal-content tutor-modal-content-white\">\n\t\t\t<button class=\"tutor-iconic-btn tutor-modal-close-o\" data-tutor-modal-close>\n\t\t\t\t<span class=\"tutor-icon-times\" area-hidden=\"true\"><\/span>\n\t\t\t<\/button>\n\n\t\t\t<div class=\"tutor-modal-body\">\n\t\t\t\t<div class=\"tutor-py-48\">\n\t\t\t\t\t    <div class=\"ninja-traders-login\" style=\"text-align: center; padding: 32px; margin-bottom: 20px;\">\n        <h5>Login with Ninja Traders<\/h5>\n        <form method=\"post\" id=\"ninja-traders-login-form\">\n            <p>Use your Ninja Traders account to login:<\/p>\n            \t<script type=\"text\/javascript\">\n\n\t\tfunction HandlePopupResult(result) {\n\t\t\twindow.location.href = result;\n\t\t}\n\n\t\tfunction moOAuthLoginNew(app_name) {\n\t\t\twindow.location.href = 'https:\/\/academy.ninjasquad.co' + '\/?option=oauthredirect&app_name=' + app_name;\n\t\t}\n\t<\/script>\n\t\t<div class=\"mo-oauth-login-button-container\"><a href=\"javascript:void(0)\" onClick=\"moOAuthLoginNew('Ninja Traders');\" class=\"mo-oauth-login-button\"><i class=\"fa fa-lock mo-oauth-login-button-icon\"><\/i><span class=\"mo-oauth-login-button-text\">Login with Ninja Traders<\/span><\/a><\/div>        <\/form>\n    <\/div>\n    \n    <div class=\"wordpress-login\" style=\"text-align: center; margin-bottom: 20px;\">\n        <h5>Login with Email<\/h5>\n    <\/div>\n    \t\t\t\t\t<div class=\"tutor-fs-4 tutor-fw-medium tutor-color-black tutor-mb-32\">Hi, Welcome back!<\/div>\n\t\t\t\t\t    <div class=\"ninja-traders-login\" style=\"text-align: center; padding: 32px; margin-bottom: 20px;\">\n        <h5>Login with Ninja Traders<\/h5>\n        <form method=\"post\" id=\"ninja-traders-login-form\">\n            <p>Use your Ninja Traders account to login:<\/p>\n            \t<script type=\"text\/javascript\">\n\n\t\tfunction HandlePopupResult(result) {\n\t\t\twindow.location.href = result;\n\t\t}\n\n\t\tfunction moOAuthLoginNew(app_name) {\n\t\t\twindow.location.href = 'https:\/\/academy.ninjasquad.co' + '\/?option=oauthredirect&app_name=' + app_name;\n\t\t}\n\t<\/script>\n\t\t<div class=\"mo-oauth-login-button-container\"><a href=\"javascript:void(0)\" onClick=\"moOAuthLoginNew('Ninja Traders');\" class=\"mo-oauth-login-button\"><i class=\"fa fa-lock mo-oauth-login-button-icon\"><\/i><span class=\"mo-oauth-login-button-text\">Login with Ninja Traders<\/span><\/a><\/div>        <\/form>\n    <\/div>\n    \n    <div class=\"wordpress-login\" style=\"text-align: center; margin-bottom: 20px;\">\n        <h5>Login with Email<\/h5>\n    <\/div>\n    <form id=\"tutor-login-form\" method=\"post\">\n\t\t<input type=\"hidden\" id=\"_tutor_nonce\" name=\"_tutor_nonce\" value=\"4f84443d61\" \/><input type=\"hidden\" name=\"_wp_http_referer\" value=\"\/tr\/wp-json\/wp\/v2\/pages\/8690\" \/>\t<input type=\"hidden\" name=\"tutor_action\" value=\"tutor_user_login\" \/>\n\t<input type=\"hidden\" name=\"redirect_to\" value=\"https:\/\/academy.ninjasquad.co\/tr\/wp-json\/wp\/v2\/pages\/8690\" \/>\n\n\t<div class=\"tutor-mb-20\">\n\t\t<input type=\"text\" class=\"tutor-form-control\" placeholder=\"Kullan\u0131c\u0131 Ad\u0131 veya E-Posta Adresi\" name=\"log\" value=\"\" size=\"20\" required\/>\n\t<\/div>\n\n\t<div class=\"tutor-mb-32\">\n\t\t<input type=\"password\" class=\"tutor-form-control\" placeholder=\"\u015eifre\" name=\"pwd\" value=\"\" size=\"20\" required\/>\n\t<\/div>\n\n\t<div class=\"tutor-login-error\"><\/div>\n\t\t<script type=\"text\/javascript\">\n\n\t\tfunction HandlePopupResult(result) {\n\t\t\twindow.location.href = result;\n\t\t}\n\n\t\tfunction moOAuthLoginNew(app_name) {\n\t\t\twindow.location.href = 'https:\/\/academy.ninjasquad.co' + '\/?option=oauthredirect&app_name=' + app_name;\n\t\t}\n\t<\/script>\n\t\t<div class=\"mo-oauth-login-button-container\"><a href=\"javascript:void(0)\" onClick=\"moOAuthLoginNew('Ninja Traders');\" class=\"mo-oauth-login-button\"><i class=\"fa fa-lock mo-oauth-login-button-icon\"><\/i><span class=\"mo-oauth-login-button-text\">Login with Ninja Traders<\/span><\/a><\/div>\t<script type=\"text\/javascript\">\n\n\t\tfunction HandlePopupResult(result) {\n\t\t\twindow.location.href = result;\n\t\t}\n\n\t\tfunction moOAuthLoginNew(app_name) {\n\t\t\twindow.location.href = 'https:\/\/academy.ninjasquad.co' + '\/?option=oauthredirect&app_name=' + app_name;\n\t\t}\n\t<\/script>\n\t\t<div class=\"mo-oauth-login-button-container\"><a href=\"javascript:void(0)\" onClick=\"moOAuthLoginNew('Ninja Traders');\" class=\"mo-oauth-login-button\"><i class=\"fa fa-lock mo-oauth-login-button-icon\"><\/i><span class=\"mo-oauth-login-button-text\">Login with Ninja Traders<\/span><\/a><\/div>\t<script type=\"text\/javascript\">\n\n\t\tfunction HandlePopupResult(result) {\n\t\t\twindow.location.href = result;\n\t\t}\n\n\t\tfunction moOAuthLoginNew(app_name) {\n\t\t\twindow.location.href = 'https:\/\/academy.ninjasquad.co' + '\/?option=oauthredirect&app_name=' + app_name;\n\t\t}\n\t<\/script>\n\t\t<div class=\"mo-oauth-login-button-container\"><a href=\"javascript:void(0)\" onClick=\"moOAuthLoginNew('Ninja Traders');\" class=\"mo-oauth-login-button\"><i class=\"fa fa-lock mo-oauth-login-button-icon\"><\/i><span class=\"mo-oauth-login-button-text\">Login with Ninja Traders<\/span><\/a><\/div>\t<div class=\"tutor-d-flex tutor-justify-between tutor-align-center tutor-mb-40\">\n\t\t<div class=\"tutor-form-check\">\n\t\t\t<input id=\"tutor-login-agmnt-1\" type=\"checkbox\" class=\"tutor-form-check-input tutor-bg-black-40\" name=\"rememberme\" value=\"forever\" \/>\n\t\t\t<label for=\"tutor-login-agmnt-1\" class=\"tutor-fs-7 tutor-color-muted\">\n\t\t\t\tKeep me signed in\t\t\t<\/label>\n\t\t<\/div>\n\t\t<a href=\"https:\/\/academy.ninjasquad.co\/dashboard\/retrieve-password\" class=\"tutor-btn tutor-btn-ghost\">\n\t\t\tForgot?\t\t<\/a>\n\t<\/div>\n\n\t\t<button type=\"submit\" class=\"tutor-btn tutor-btn-primary tutor-btn-block\">\n\t\tSign In\t<\/button>\n\t\n\t\t\t\t\t<div class=\"tutor-text-center tutor-fs-6 tutor-color-secondary tutor-mt-20\">\n\t\t\tDon&#039;t have an account?&nbsp;\n\t\t\t<a href=\"https:\/\/academy.ninjasquad.co\/student-registration\/?redirect_to=https:\/\/academy.ninjasquad.co\/tr\/wp-json\/wp\/v2\/pages\/8690\" class=\"tutor-btn tutor-btn-link\">\n\t\t\t\tRegister Now\t\t\t<\/a>\n\t\t<\/div>\n\t\t<\/form>\n<script>\n\tdocument.addEventListener('DOMContentLoaded', function() {\n\t\tvar { __ } = wp.i18n;\n\t\tvar loginModal = document.querySelector('.tutor-modal.tutor-login-modal');\n\t\tvar errors = [];\n\t\tif (loginModal && errors.length) {\n\t\t\tloginModal.classList.add('tutor-is-active');\n\t\t}\n\t});\n<\/script>\n\n\t\t\t\t\t\t\t\t\t<\/div>\n\t\t\t\t\t\t\t<\/div>\n\t\t<\/div>\n\t<\/div>\n<\/div>\n\t\t\t\t<\/div>\n\t\t\t\t<\/div>\n\t\t\t\t\t<\/div>\n\t\t<\/div>\n\t\t\t\t\t<\/div>\n\t\t<\/section>\n\t\t\t\t<\/div>\n\t\t","protected":false},"excerpt":{"rendered":"<p>Kurslar 5.00 (1) Ninja Traders | Crypto Technologies Fundamentals Download Certificate<\/p>\n","protected":false},"author":1,"featured_media":0,"parent":0,"menu_order":0,"comment_status":"closed","ping_status":"closed","template":"elementor_header_footer","meta":{"_mi_skip_tracking":false,"_tutorstarter_page_metadata":[],"footnotes":""},"class_list":["post-8690","page","type-page","status-publish","hentry"],"_links":{"self":[{"href":"https:\/\/academy.ninjasquad.co\/tr\/wp-json\/wp\/v2\/pages\/8690"}],"collection":[{"href":"https:\/\/academy.ninjasquad.co\/tr\/wp-json\/wp\/v2\/pages"}],"about":[{"href":"https:\/\/academy.ninjasquad.co\/tr\/wp-json\/wp\/v2\/types\/page"}],"author":[{"embeddable":true,"href":"https:\/\/academy.ninjasquad.co\/tr\/wp-json\/wp\/v2\/users\/1"}],"replies":[{"embeddable":true,"href":"https:\/\/academy.ninjasquad.co\/tr\/wp-json\/wp\/v2\/comments?post=8690"}],"version-history":[{"count":2,"href":"https:\/\/academy.ninjasquad.co\/tr\/wp-json\/wp\/v2\/pages\/8690\/revisions"}],"predecessor-version":[{"id":8695,"href":"https:\/\/academy.ninjasquad.co\/tr\/wp-json\/wp\/v2\/pages\/8690\/revisions\/8695"}],"wp:attachment":[{"href":"https:\/\/academy.ninjasquad.co\/tr\/wp-json\/wp\/v2\/media?parent=8690"}],"curies":[{"name":"wp","href":"https:\/\/api.w.org\/{rel}","templated":true}]}}